{"id":4033,"date":"2024-05-15T14:02:10","date_gmt":"2024-05-15T12:02:10","guid":{"rendered":"https:\/\/www.tektonika-ploty.cz\/gdpr\/"},"modified":"2024-05-15T14:02:11","modified_gmt":"2024-05-15T12:02:11","slug":"gdpr","status":"publish","type":"page","link":"https:\/\/www.tektonika-ploty.cz\/de\/gdpr\/","title":{"rendered":"GDPR"},"content":{"rendered":"\t\t<div data-elementor-type=\"wp-page\" data-elementor-id=\"4033\" class=\"elementor elementor-4033 elementor-2807\" data-elementor-post-type=\"page\">\n\t\t\t\t<div class=\"elementor-element elementor-element-67178d5 e-flex e-con-boxed e-con e-parent\" data-id=\"67178d5\" data-element_type=\"container\" data-e-type=\"container\">\n\t\t\t\t\t<div class=\"e-con-inner\">\n\t\t<div class=\"elementor-element elementor-element-d1dd9e3 e-flex e-con-boxed e-con e-child\" data-id=\"d1dd9e3\" data-element_type=\"container\" data-e-type=\"container\">\n\t\t\t\t\t<div class=\"e-con-inner\">\n\t\t\t\t<div class=\"elementor-element elementor-element-299e9fc elementor-widget elementor-widget-heading\" data-id=\"299e9fc\" data-element_type=\"widget\" data-e-type=\"widget\" data-widget_type=\"heading.default\">\n\t\t\t\t<div class=\"elementor-widget-container\">\n\t\t\t\t\t<h2 class=\"elementor-heading-title elementor-size-default\">GDPR<\/h2>\t\t\t\t<\/div>\n\t\t\t\t<\/div>\n\t\t\t\t<div class=\"elementor-element elementor-element-99eedf1 elementor-widget elementor-widget-text-editor\" data-id=\"99eedf1\" data-element_type=\"widget\" data-e-type=\"widget\" data-widget_type=\"text-editor.default\">\n\t\t\t\t<div class=\"elementor-widget-container\">\n\t\t\t\t\t\t\t\t\t<p style=\"font-weight: 400;\">Bitte machen Sie sich mit dem Datenschutz, den Richtlinien und den Rechten vertraut, die Sie im Zusammenhang mit der GDPR (General Data Protection Regulation) haben.<\/p>\n<p style=\"font-weight: 400;\"><strong>Datenschutz<\/strong><\/p>\n<p style=\"font-weight: 400;\">Die beim Besuch dieser Website erhobenen personenbezogenen Daten werden in \u00dcbereinstimmung mit der Verordnung (EU) 2016\/679 des Europ\u00e4ischen Parlaments und des Rates vom 27. April 2016 zum Schutz nat\u00fcrlicher Personen bei der Verarbeitung personenbezogener Daten und zum freien Datenverkehr und zur Aufhebung der Richtlinie 95\/46\/EG (Allgemeine Datenschutzverordnung).<\/p>\n<p style=\"font-weight: 400;\"><strong>Sicherheit<\/strong><\/p>\n<p style=\"font-weight: 400;\">Wir setzen technische, organisatorische und sicherheitstechnische Ma\u00dfnahmen ein, um die bei uns gespeicherten Daten vor Manipulation, Verlust, Zerst\u00f6rung oder Beeintr\u00e4chtigung durch Unbefugte zu sch\u00fctzen.<\/p>\n<p style=\"font-weight: 400;\"><strong>Recht auf Information<\/strong><\/p>\n<p style=\"font-weight: 400;\">Auf Anfrage teilen wir Ihnen innerhalb von 14 Tagen mit, ob und welche pers\u00f6nlichen Daten wir derzeit \u00fcber Sie speichern (siehe Datenschutzkodex). Wenn wir feststellen, dass wir falsche Informationen aufzeichnen, werden wir diese auf Anfrage korrigieren.<\/p>\n<p style=\"font-weight: 400;\">Fragen zur Verarbeitung Ihrer pers\u00f6nlichen Daten k\u00f6nnen Sie an <a href=\"mailto:info@tektonika-ploty.cz\">info@tektonika-ploty.cz<\/a> richten. Dort k\u00f6nnen Sie auch Anregungen oder Beschwerden einreichen.<\/p>\n<p style=\"font-weight: 400;\">Wir erkl\u00e4ren, dass wir als f\u00fcr die Verarbeitung Ihrer personenbezogenen Daten Verantwortlicher alle rechtlichen Verpflichtungen erf\u00fcllen, die sich aus der geltenden Gesetzgebung ergeben, insbesondere aus dem Datenschutzgesetz und der DSGVO, und dass wir daher die Datenschutzbestimmungen einhalten:<\/p>\n<p style=\"font-weight: 400;\">wir verarbeiten Ihre personenbezogenen Daten nur auf der Grundlage einer g\u00fcltigen Rechtsgrundlage, insbesondere eines berechtigten Interesses, der Erf\u00fcllung eines Vertrags, einer rechtlichen Verpflichtung oder einer Einwilligung,<\/p>\n<p style=\"font-weight: 400;\">wir der Informationspflicht gem\u00e4\u00df Artikel 13 der DSGVO vor der Verarbeitung personenbezogener Daten nachkommen,<\/p>\n<p style=\"font-weight: 400;\">wir erm\u00f6glichen und unterst\u00fctzen Sie bei der Aus\u00fcbung und Erf\u00fcllung Ihrer Rechte gem\u00e4\u00df dem Datenschutzgesetz und der Datenschutzgrundverordnung<\/p>\n<p style=\"font-weight: 400;\"><strong>Datenschutz-Kodex<\/strong><\/p>\n<p style=\"font-weight: 400;\">Wenn Sie unsere Website besuchen, erfassen wir die folgenden Daten auf die \u00fcbliche Weise:<\/p>\n<ul style=\"font-weight: 400;\">\n<li>die IP-Adresse, die Ihnen von Ihrem ISP zugewiesen wurde<\/li>\n<li>die Website, von der aus Sie uns besuchen<\/li>\n<li>die Websites, die Sie bei uns besuchen, sowie das Datum und die Dauer Ihres Besuchs<\/li>\n<\/ul>\n<p style=\"font-weight: 400;\">Indem Sie Ihre pers\u00f6nlichen Daten auf einer unserer Websites eingeben, erkl\u00e4ren Sie sich damit einverstanden, kommerzielle Informationen zu erhalten. Wir nutzen diese personenbezogenen Daten zu Zwecken der technischen Administration der Website, zur Verwaltung, f\u00fcr Umfragen und f\u00fcr das Marketing &#8211; und zwar nur in dem daf\u00fcr erforderlichen Umfang.<\/p>\n<p style=\"font-weight: 400;\"><strong>Verwendung und Weitergabe von pers\u00f6nlichen Daten<\/strong><\/p>\n<p style=\"font-weight: 400;\">Wir nutzen Ihre pers\u00f6nlichen Daten nur zu Zwecken der technischen Administration der Website, zur Kundenverwaltung, f\u00fcr Produktumfragen und f\u00fcr das Marketing.<\/p>\n<p style=\"font-weight: 400;\">Die \u00dcbermittlung von personenbezogenen Daten an staatliche Einrichtungen und Beh\u00f6rden erfolgt nur im Rahmen zwingender Rechtsvorschriften. Au\u00dferhalb dieser Ausnahmesituationen sind wir an die Vertraulichkeit gebunden.<\/p>\n<p style=\"font-weight: 400;\"><strong>M\u00f6glichkeit zum Opt-out<\/strong><\/p>\n<p style=\"font-weight: 400;\">Wir verwenden Ihre Daten nur, um Sie \u00fcber unsere Produkte und Dienstleistungen zu informieren oder um Ihre Meinung dazu einzuholen. Alles ist nat\u00fcrlich freiwillig. Sollten Sie mit der Datenverwaltung nicht einverstanden sein, k\u00f6nnen Sie uns dies jederzeit mitteilen, damit wir die Daten entsprechend l\u00f6schen k\u00f6nnen. Wenn Sie sich abmelden m\u00f6chten, senden Sie Ihre Anfrage bitte an: <a href=\"mailto:info@tektonika-ploty.cz\">info@tektonika-ploty.cz<\/a><\/p>\n<p style=\"font-weight: 400;\"><strong>Cookies<\/strong><\/p>\n<p style=\"font-weight: 400;\">Wir verwenden den sogenannten. Cookies, damit wir die Pr\u00e4ferenzen der Besucher verfolgen und die Website entsprechend optimieren k\u00f6nnen. Cookies sind harmlose kleine &#8222;Dateien&#8220;, die auf Ihrer Festplatte gespeichert werden. Dies f\u00fchrt zu einer einfacheren Navigation und einem hohen Ma\u00df an Benutzerfreundlichkeit auf der Website. Es k\u00f6nnen zum Beispiel Cookies verwendet werden. um festzustellen, ob Sie unsere Website bereits von Ihrem Computer aus besucht haben. Wenn Sie m\u00f6chten, k\u00f6nnen Sie die Verwendung von Cookies in den Einstellungen Ihres Browsers selbst deaktivieren.<\/p>\n<p style=\"font-weight: 400;\"><strong>Umfang der personenbezogenen Daten und Zweck der Verarbeitung<\/strong><\/p>\n<p style=\"font-weight: 400;\">Wir verarbeiten personenbezogene Daten, die Sie uns anvertrauen, aus den folgenden Gr\u00fcnden (zur Erf\u00fcllung dieser Zwecke):<br \/>\u25cf Erbringung von Dienstleistungen, Vertragserf\u00fcllung<br \/>Ihre pers\u00f6nlichen Daten im Umfang von: E-Mail, Name, Vorname, Telefon, Adresse, die wir f\u00fcr die Erf\u00fcllung des Vertrags ben\u00f6tigen (z.B. Zusendung von Zug\u00e4ngen zur Anwendung, Zusendung eines Online-Kurses, Lieferung von Waren usw.).<br \/>\u25cf Buchhaltung<br \/>Wenn Sie Kunde sind, ben\u00f6tigen wir Ihre pers\u00f6nlichen Daten (Rechnungsdaten) unbedingt, um der gesetzlichen Verpflichtung zur Ausstellung und Aufzeichnung von Steuerunterlagen nachzukommen.<br \/>\u25cf Marketing<\/p>\n<p><strong>Weitergabe von personenbezogenen Daten an Dritte<\/strong><\/p>\n<p style=\"font-weight: 400;\">Unsere Mitarbeiter k\u00f6nnen auf Ihre pers\u00f6nlichen Daten zugreifen. Wir nutzen die Dienste und Anwendungen von Auftragsverarbeitern, um bestimmte Verarbeitungen vorzunehmen, die wir nicht selbst durchf\u00fchren k\u00f6nnen. Sie sind Anbieter der folgenden Plattformen:  <\/p>\n<p style=\"font-weight: 400;\">SmartSelling a.s. (SmartEmailing, MioWeb, FAPI, Proaffil), GoPay, Facebook, Google, Webinar Jam. Es ist m\u00f6glich, dass wir uns in Zukunft f\u00fcr den Einsatz anderer Anwendungen oder Prozessoren entscheiden, um die Qualit\u00e4t der Verarbeitung zu erleichtern und zu verbessern. Wir versprechen Ihnen jedoch, dass wir in diesem Fall an den Verarbeiter mindestens die gleichen Anforderungen an Sicherheit und Qualit\u00e4t der Verarbeitung stellen wie an uns selbst.<\/p>\n<p style=\"font-weight: 400;\"><strong>Daten\u00fcbermittlung au\u00dferhalb der Europ\u00e4ischen Union<\/strong><\/p>\n<p style=\"font-weight: 400;\">Die gesamte Verarbeitung personenbezogener Daten wird innerhalb der EU durchgef\u00fchrt.<\/p>\n<p style=\"font-weight: 400;\">Ihre Rechte in Bezug auf den Schutz von personenbezogenen Daten<\/p>\n<p style=\"font-weight: 400;\">Sie haben eine Reihe von Rechten in Bezug auf den Datenschutz. Wenn Sie eines dieser Rechte aus\u00fcben m\u00f6chten, kontaktieren Sie uns bitte per E-Mail: <a href=\"mailto:info@tektonika-ploty.cz\">info@tektonika-ploty.cz.<\/a> Sie haben ein Recht auf Information, das durch diese Informationsseite mit der Richtlinie zur Verarbeitung personenbezogener Daten bereits erf\u00fcllt wird. Dank des Auskunftsrechts k\u00f6nnen Sie uns jederzeit fragen, und wir werden Ihnen innerhalb von 30 Tagen einen Nachweis dar\u00fcber vorlegen, welche personenbezogenen Daten wir verarbeiten und warum. Wenn sich etwas \u00e4ndert oder Sie feststellen, dass Ihre pers\u00f6nlichen Daten veraltet oder unvollst\u00e4ndig sind, haben Sie das Recht, Ihre pers\u00f6nlichen Daten vervollst\u00e4ndigen und \u00e4ndern zu lassen.<\/p>\n<p style=\"font-weight: 400;\"><strong>Recht auf Einschr\u00e4nkung der Verarbeitung<\/strong><\/p>\n<p style=\"font-weight: 400;\">Sie k\u00f6nnen von Ihrem Recht auf Einschr\u00e4nkung der Verarbeitung Gebrauch machen, wenn Sie der Meinung sind, dass wir Ihre Daten unrichtig verarbeiten, wenn Sie der Meinung sind, dass wir sie unrechtm\u00e4\u00dfig verarbeiten, aber nicht alle Ihre Daten l\u00f6schen wollen, oder wenn Sie der Verarbeitung widersprochen haben. Sie k\u00f6nnen den Umfang der personenbezogenen Daten oder die Zwecke der Verarbeitung einschr\u00e4nken. (z.B. durch Abbestellen des Newsletters schr\u00e4nken Sie den Zweck der Verarbeitung f\u00fcr den Versand kommerzieller Mitteilungen ein).<\/p>\n<p style=\"font-weight: 400;\"><strong>Recht auf \u00dcbertragbarkeit<\/strong><\/p>\n<p style=\"font-weight: 400;\">Wenn Sie Ihre pers\u00f6nlichen Daten an eine andere Person weitergeben m\u00f6chten, befolgen wir den gleichen Prozess wie bei der Aus\u00fcbung Ihres Auskunftsrechts &#8211; mit dem Unterschied, dass wir Ihnen die Daten in maschinenlesbarer Form zur Verf\u00fcgung stellen werden. Wir brauchen hier mindestens 30 Tage.<\/p>\n<p style=\"font-weight: 400;\"><strong>Recht auf L\u00f6schung (auf Vergessenwerden)<\/strong><\/p>\n<p style=\"font-weight: 400;\">Ihr anderes Recht ist das Recht auf L\u00f6schung (auf Vergessenwerden). In diesem Fall werden wir alle Ihre pers\u00f6nlichen Daten aus unserem System und dem System aller Unterauftragsverarbeiter und Backups l\u00f6schen. Wir ben\u00f6tigen 7 Tage, um das Recht auf L\u00f6schung sicherzustellen. In einigen F\u00e4llen sind wir an eine gesetzliche Verpflichtung gebunden, z.B. wir m\u00fcssen Aufzeichnungen \u00fcber die ausgestellten Steuerdokumente f\u00fcr den gesetzlich vorgeschriebenen Zeitraum aufbewahren. In diesem Fall werden wir daher alle personenbezogenen Daten l\u00f6schen, die nicht durch ein anderes Gesetz gebunden sind. Wir werden Sie per E-Mail benachrichtigen, wenn die L\u00f6schung abgeschlossen ist.<\/p>\n<p style=\"font-weight: 400;\"><strong>Beschwerde beim Amt f\u00fcr den Schutz personenbezogener Daten<\/strong><\/p>\n<p style=\"font-weight: 400;\">Wenn Sie das Gef\u00fchl haben, dass wir Ihre Daten nicht in \u00dcbereinstimmung mit dem Gesetz behandeln, haben Sie das Recht, sich jederzeit mit Ihrer Beschwerde an die Datenschutzbeh\u00f6rde zu wenden. Wir w\u00fcrden uns sehr freuen, wenn Sie uns zun\u00e4chst \u00fcber diesen Verdacht informieren w\u00fcrden, damit wir etwas dagegen unternehmen und ein m\u00f6gliches Fehlverhalten korrigieren k\u00f6nnen.<\/p>\n\t\t\t\t\t\t\t\t<\/div>\n\t\t\t\t<\/div>\n\t\t\t\t\t<\/div>\n\t\t\t\t<\/div>\n\t\t\t\t\t<\/div>\n\t\t\t\t<\/div>\n\t\t\t\t<\/div>\n\t\t","protected":false},"excerpt":{"rendered":"<p>GDPR Bitte machen Sie sich mit dem Datenschutz, den Richtlinien und den Rechten vertraut, die Sie im Zusammenhang mit der GDPR (General Data Protection Regulation) haben. Datenschutz Die beim Besuch dieser Website erhobenen personenbezogenen Daten werden in \u00dcbereinstimmung mit der Verordnung (EU) 2016\/679 des Europ\u00e4ischen Parlaments und des Rates vom 27. April 2016 zum Schutz [&hellip;]<\/p>\n","protected":false},"author":4,"featured_media":0,"parent":0,"menu_order":0,"comment_status":"closed","ping_status":"closed","template":"","meta":{"_acf_changed":false,"inline_featured_image":false,"footnotes":""},"class_list":["post-4033","page","type-page","status-publish","hentry"],"acf":[],"yoast_head":"<!-- This site is optimized with the Yoast SEO plugin v26.9 - https:\/\/yoast.com\/product\/yoast-seo-wordpress\/ -->\n<title>GDPR - Tektonika<\/title>\n<meta name=\"description\" content=\"Betonov\u00e9 ploty Tektonika - GDPR\" \/>\n<meta name=\"robots\" content=\"index, follow, max-snippet:-1, max-image-preview:large, max-video-preview:-1\" \/>\n<link rel=\"canonical\" href=\"https:\/\/www.tektonika-ploty.cz\/de\/gdpr\/\" \/>\n<meta property=\"og:locale\" content=\"de_DE\" \/>\n<meta property=\"og:type\" content=\"article\" \/>\n<meta property=\"og:title\" content=\"GDPR - Tektonika\" \/>\n<meta property=\"og:description\" content=\"Betonov\u00e9 ploty Tektonika - GDPR\" \/>\n<meta property=\"og:url\" content=\"https:\/\/www.tektonika-ploty.cz\/de\/gdpr\/\" \/>\n<meta property=\"og:site_name\" content=\"Tektonika\" \/>\n<meta property=\"article:modified_time\" content=\"2024-05-15T12:02:11+00:00\" \/>\n<meta name=\"twitter:card\" content=\"summary_large_image\" \/>\n<meta name=\"twitter:label1\" content=\"Gesch\u00e4tzte Lesezeit\" \/>\n\t<meta name=\"twitter:data1\" content=\"6\u00a0Minuten\" \/>\n<script type=\"application\/ld+json\" class=\"yoast-schema-graph\">{\"@context\":\"https:\/\/schema.org\",\"@graph\":[{\"@type\":\"WebPage\",\"@id\":\"https:\/\/www.tektonika-ploty.cz\/de\/gdpr\/\",\"url\":\"https:\/\/www.tektonika-ploty.cz\/de\/gdpr\/\",\"name\":\"GDPR - Tektonika\",\"isPartOf\":{\"@id\":\"https:\/\/www.tektonika-ploty.cz\/#website\"},\"datePublished\":\"2024-05-15T12:02:10+00:00\",\"dateModified\":\"2024-05-15T12:02:11+00:00\",\"description\":\"Betonov\u00e9 ploty Tektonika - GDPR\",\"breadcrumb\":{\"@id\":\"https:\/\/www.tektonika-ploty.cz\/de\/gdpr\/#breadcrumb\"},\"inLanguage\":\"de\",\"potentialAction\":[{\"@type\":\"ReadAction\",\"target\":[\"https:\/\/www.tektonika-ploty.cz\/de\/gdpr\/\"]}]},{\"@type\":\"BreadcrumbList\",\"@id\":\"https:\/\/www.tektonika-ploty.cz\/de\/gdpr\/#breadcrumb\",\"itemListElement\":[{\"@type\":\"ListItem\",\"position\":1,\"name\":\"Home\",\"item\":\"https:\/\/www.tektonika-ploty.cz\/de\/einleitung-2\/\"},{\"@type\":\"ListItem\",\"position\":2,\"name\":\"GDPR\"}]},{\"@type\":\"WebSite\",\"@id\":\"https:\/\/www.tektonika-ploty.cz\/#website\",\"url\":\"https:\/\/www.tektonika-ploty.cz\/\",\"name\":\"Tektonika ploty\",\"description\":\"\",\"publisher\":{\"@id\":\"https:\/\/www.tektonika-ploty.cz\/#organization\"},\"potentialAction\":[{\"@type\":\"SearchAction\",\"target\":{\"@type\":\"EntryPoint\",\"urlTemplate\":\"https:\/\/www.tektonika-ploty.cz\/?s={search_term_string}\"},\"query-input\":{\"@type\":\"PropertyValueSpecification\",\"valueRequired\":true,\"valueName\":\"search_term_string\"}}],\"inLanguage\":\"de\"},{\"@type\":\"Organization\",\"@id\":\"https:\/\/www.tektonika-ploty.cz\/#organization\",\"name\":\"Tektonika ploty\",\"url\":\"https:\/\/www.tektonika-ploty.cz\/\",\"logo\":{\"@type\":\"ImageObject\",\"inLanguage\":\"de\",\"@id\":\"https:\/\/www.tektonika-ploty.cz\/#\/schema\/logo\/image\/\",\"url\":\"https:\/\/www.tektonika-ploty.cz\/wp-content\/uploads\/2020\/11\/Kreslici-platno-1.svg\",\"contentUrl\":\"https:\/\/www.tektonika-ploty.cz\/wp-content\/uploads\/2020\/11\/Kreslici-platno-1.svg\",\"width\":2938,\"height\":281,\"caption\":\"Tektonika ploty\"},\"image\":{\"@id\":\"https:\/\/www.tektonika-ploty.cz\/#\/schema\/logo\/image\/\"}}]}<\/script>\n<!-- \/ Yoast SEO plugin. -->","yoast_head_json":{"title":"GDPR - Tektonika","description":"Betonov\u00e9 ploty Tektonika - GDPR","robots":{"index":"index","follow":"follow","max-snippet":"max-snippet:-1","max-image-preview":"max-image-preview:large","max-video-preview":"max-video-preview:-1"},"canonical":"https:\/\/www.tektonika-ploty.cz\/de\/gdpr\/","og_locale":"de_DE","og_type":"article","og_title":"GDPR - Tektonika","og_description":"Betonov\u00e9 ploty Tektonika - GDPR","og_url":"https:\/\/www.tektonika-ploty.cz\/de\/gdpr\/","og_site_name":"Tektonika","article_modified_time":"2024-05-15T12:02:11+00:00","twitter_card":"summary_large_image","twitter_misc":{"Gesch\u00e4tzte Lesezeit":"6\u00a0Minuten"},"schema":{"@context":"https:\/\/schema.org","@graph":[{"@type":"WebPage","@id":"https:\/\/www.tektonika-ploty.cz\/de\/gdpr\/","url":"https:\/\/www.tektonika-ploty.cz\/de\/gdpr\/","name":"GDPR - Tektonika","isPartOf":{"@id":"https:\/\/www.tektonika-ploty.cz\/#website"},"datePublished":"2024-05-15T12:02:10+00:00","dateModified":"2024-05-15T12:02:11+00:00","description":"Betonov\u00e9 ploty Tektonika - GDPR","breadcrumb":{"@id":"https:\/\/www.tektonika-ploty.cz\/de\/gdpr\/#breadcrumb"},"inLanguage":"de","potentialAction":[{"@type":"ReadAction","target":["https:\/\/www.tektonika-ploty.cz\/de\/gdpr\/"]}]},{"@type":"BreadcrumbList","@id":"https:\/\/www.tektonika-ploty.cz\/de\/gdpr\/#breadcrumb","itemListElement":[{"@type":"ListItem","position":1,"name":"Home","item":"https:\/\/www.tektonika-ploty.cz\/de\/einleitung-2\/"},{"@type":"ListItem","position":2,"name":"GDPR"}]},{"@type":"WebSite","@id":"https:\/\/www.tektonika-ploty.cz\/#website","url":"https:\/\/www.tektonika-ploty.cz\/","name":"Tektonika ploty","description":"","publisher":{"@id":"https:\/\/www.tektonika-ploty.cz\/#organization"},"potentialAction":[{"@type":"SearchAction","target":{"@type":"EntryPoint","urlTemplate":"https:\/\/www.tektonika-ploty.cz\/?s={search_term_string}"},"query-input":{"@type":"PropertyValueSpecification","valueRequired":true,"valueName":"search_term_string"}}],"inLanguage":"de"},{"@type":"Organization","@id":"https:\/\/www.tektonika-ploty.cz\/#organization","name":"Tektonika ploty","url":"https:\/\/www.tektonika-ploty.cz\/","logo":{"@type":"ImageObject","inLanguage":"de","@id":"https:\/\/www.tektonika-ploty.cz\/#\/schema\/logo\/image\/","url":"https:\/\/www.tektonika-ploty.cz\/wp-content\/uploads\/2020\/11\/Kreslici-platno-1.svg","contentUrl":"https:\/\/www.tektonika-ploty.cz\/wp-content\/uploads\/2020\/11\/Kreslici-platno-1.svg","width":2938,"height":281,"caption":"Tektonika ploty"},"image":{"@id":"https:\/\/www.tektonika-ploty.cz\/#\/schema\/logo\/image\/"}}]}},"_links":{"self":[{"href":"https:\/\/www.tektonika-ploty.cz\/de\/wp-json\/wp\/v2\/pages\/4033","targetHints":{"allow":["GET"]}}],"collection":[{"href":"https:\/\/www.tektonika-ploty.cz\/de\/wp-json\/wp\/v2\/pages"}],"about":[{"href":"https:\/\/www.tektonika-ploty.cz\/de\/wp-json\/wp\/v2\/types\/page"}],"author":[{"embeddable":true,"href":"https:\/\/www.tektonika-ploty.cz\/de\/wp-json\/wp\/v2\/users\/4"}],"replies":[{"embeddable":true,"href":"https:\/\/www.tektonika-ploty.cz\/de\/wp-json\/wp\/v2\/comments?post=4033"}],"version-history":[{"count":3,"href":"https:\/\/www.tektonika-ploty.cz\/de\/wp-json\/wp\/v2\/pages\/4033\/revisions"}],"predecessor-version":[{"id":4036,"href":"https:\/\/www.tektonika-ploty.cz\/de\/wp-json\/wp\/v2\/pages\/4033\/revisions\/4036"}],"wp:attachment":[{"href":"https:\/\/www.tektonika-ploty.cz\/de\/wp-json\/wp\/v2\/media?parent=4033"}],"curies":[{"name":"wp","href":"https:\/\/api.w.org\/{rel}","templated":true}]}}